{"id":45,"date":"2019-09-04T17:12:21","date_gmt":"2019-09-04T15:12:21","guid":{"rendered":"https:\/\/blog.artesegno.com\/wp\/?page_id=45"},"modified":"2019-09-04T17:12:22","modified_gmt":"2019-09-04T15:12:22","slug":"cookie-policy","status":"publish","type":"page","link":"https:\/\/artesegno.com\/blog\/cookie-policy\/","title":{"rendered":"Utilizzo dei cookie"},"content":{"rendered":"\n<p>Conformemente al provvedimento del Garante per la protezione dei  dati personali (di seguito, il &#8220;Garante&#8221;) dell\u20198 maggio 2014, recante &#8220;Individuazione delle modalit\u00e0 semplificate per l\u2019informativa e l\u2019acquisizione del consenso per l\u2019uso dei cookie&#8221; (di seguito: il &#8220;Provvedimento cookie&#8221;), Artesegno S.a.s. (di seguito: &#8220;Artesegno&#8221;),  societ\u00e0 con sede legale in Via Gervasutta, 29, 33100 Udine intende informare l\u2019utente di quanto segue.<\/p>\n\n\n\n<h2 class=\"wp-block-heading\">Cosa sono i cookie?<\/h2>\n\n\n\n<p>I cookie sono stringhe di testo di piccole dimensioni conservate nel computer dei visitatori quando si visitano determinate pagine su  Internet, quando si leggono determinate email o quando si utilizzano determinati servizi. Sono semplici righe di testo usate per diverse finalit\u00e0: eseguire autenticazioni automatiche, memorizzare informazioni specifiche riguardanti gli utenti che accedono al server, tenere traccia di comportamenti a finalit\u00e0 statistiche. La gestione dei cookie \u00e8 sotto il controllo diretto dell&#8217;utente: \u00e8 possibile impedire la registrazione dei cookie, cancellarli o semplicemente selezionare quelli che si desidera conservare. Nella maggior parte dei browser, i cookies sono abilitati, in calce seguiranno le informazioni necessarie per modificare le impostazioni dei cookies sul proprio browser.<\/p>\n\n\n\n<p>Artesegno fornisce queste informazioni in quanto parte integrante della propria iniziativa finalizzata al rispetto della legislazione recente intervenuta in materia, e per assicurare la propria onest\u00e0 e trasparenza in merito alla privacy degli utilizzatori del proprio sito WEB.<\/p>\n\n\n\n<h2 class=\"wp-block-heading\">Cookie sul sito WEB di Artesegno<\/h2>\n\n\n\n<p>Il sito WEB di Artesegno (di seguito il &#8220;Sito&#8221;) utilizza i cookie, con il consenso dell\u2019utente ove la legge o i regolamenti applicabili cos\u00ec stabiliscano, per facilitare la navigazione e personalizzare le informazioni che appariranno. Il Sito si riserva inoltre il diritto di usare sistemi simili per raccogliere informazioni sui propri utilizzatori, quali ad esempio indirizzo IP, tipo di browser internet e  sistema operativo utilizzato e\/o pagine web visitate da un utente, per finalit\u00e0 statistiche o di sicurezza. Il Sito potr\u00e0 raccogliere queste informazioni per tracciare il proprio utilizzo e migliorarne determinati aspetti. In particolare, Artesegno utilizza i cookie per le seguenti finalit\u00e0:<\/p>\n\n\n\n<h3 class=\"wp-block-heading\">Cookie di navigazione (tecnici)<\/h3>\n\n\n\n<p>Questi cookie <strong>sono fondamentali per permettere la navigazione all\u2019interno del Sito e per usarne le sue funzionalit\u00e0<\/strong>, quali ad esempio accedere alle aree riservate del Sito. <strong>Senza questi cookie non possono essere forniti i servizi richiesti<\/strong>,  come ad esempio la lettura di un catalogo. I cookie strettamente necessari sono utilizzati per memorizzare un identificatore univoco al fine di gestire e identificare l\u2019utente in quanto unico rispetto agli  altri utenti che in quel momento stanno visitando il Sito, cos\u00ec da  fornire all\u2019utente un servizio coerente e preciso. Alcuni esempi di utilizzo di questi cookie comprendono:<\/p>\n\n\n\n<ul class=\"wp-block-list\"><li>Il ricordo di precedenti azioni (per esempio testo inserito) durante la navigazione a ritroso verso una pagina nella medesima sessione;<\/li><li>Gestione e passaggio di token di sicurezza a differenti servizi all\u2019interno del Sito per identificare lo status del visitatore (per esempio, registrato o non registrato);<\/li><li>Mantenimento dei token per l\u2019implementazione di aree riservate del Sito;<\/li><li>Instradamento degli utenti verso specifiche versioni\/applicazioni di un servizio, come potrebbe rendersi necessario durante una migrazione tecnica.<\/li><\/ul>\n\n\n\n<h3 class=\"wp-block-heading\">Cookie funzionali (tecnici)<\/h3>\n\n\n\n<p>Questi cookie possono avere durata di sessione o persistenti. Solitamente sono conseguenti ad un\u2019azione dell\u2019utente, ma possono essere implementati anche nella fornitura di un servizio non esplicitamente  richiesto ma offerto all\u2019utente. Possono essere utilizzati anche per evitare che si offra di nuovo a quel dato utente un servizio in  precedenza offerto e rifiutato. Inoltre, questi cookie permettono al Sito di ricordare le scelte dell\u2019utente (quali ad esempio nome utente,  lingua, paese di origine, e cos\u00ec via). Le informazioni raccolte da questi cookie <strong>sono anonime<\/strong> e non possono tracciare il comportamento dell\u2019utente su altri siti. Alcuni esempi di utilizzo di questi cookie comprendono:<\/p>\n\n\n\n<ul class=\"wp-block-list\"><li>Ricordare le impostazioni che un utente ha applicato al Sito quali ad esempio layout, dimensione del font, preferenze, colore e cos\u00ec via;<\/li><li>Ricordare una scelta di modo che non venga pi\u00f9 richiesta la compilazione di un questionario;<\/li><li>Rilevare se un servizio \u00e8 gi\u00e0 stato offerto, quale ad esempio offerta di un tutorial per visite successive del Sito;<\/li><li>Fornire informazioni in modo da permettere il funzionamento di un servizio opzionale quale ad esempio l\u2019offerta di una sessione in live streaming;<\/li><li>Adempimento di una richiesta dell\u2019utente quale ad esempio formulazione di una richiesta di informazioni.<\/li><\/ul>\n\n\n\n<h3 class=\"wp-block-heading\">Cookie statistici e di performance (tecnici)<\/h3>\n\n\n\n<p>Questi cookie possono essere di sessione o persistenti, il loro utilizzo \u00e8 limitato alla performance e al miglioramento del Sito. Raccolgono informazioni anonime sulle modalit\u00e0 di utilizzo del Sito, quali ad esempio le pagine visitate. <strong>Questi cookie non raccolgono informazioni che possono identificare l\u2019utente<\/strong>.  Tutte le informazioni raccolte da questi cookie sono aggregate in forma anonima e sono utilizzate solo per migliorare la funzionalit\u00e0 del Sito. Alcuni esempi di utilizzo di questi cookie comprendono:<\/p>\n\n\n\n<ul class=\"wp-block-list\"><li>Web Analytics: i dati raccolti sono limitati solamente all\u2019utilizzo del Sito da parte degli utenti, per gestire la performance e  la struttura del Sito. Questi cookie sono gestiti direttamente dal titolare del Sito, e le informazioni saranno usate esclusivamente da chi si occupa della pubblicazione del Sito;<\/li><li>Gestione degli errori: misurazione degli errori che si presentano nel Sito, solitamente questa funzione supporter\u00e0 il miglioramento dei servizi o la gestione dei reclami e sar\u00e0 generalmente strettamente legata all\u2019analitica web;<\/li><li>Testare differenti strutture delle pagine del Sito: test sulle variazioni della struttura, usando solitamente test A\/B o multivariabili, per assicurare che nelle sessioni correnti e successive venga conservato un aspetto coerente per l\u2019utente del Sito;<\/li><li>Analisi delle performance: misurazione delle performance del Sito con particolare attenzione all&#8217;esperienza di navigazione degli  utilizzatori.<\/li><\/ul>\n\n\n\n<h2 class=\"wp-block-heading\">Come rimuovere o bloccare i cookie<\/h2>\n\n\n\n<p>\u00c8 possibile impedire che un sito utilizzi i cookie per le attivit\u00e0 descritte ovvero \u00e8 possibile cancellare tutti i cookie salvati utilizzando gli strumenti messi a disposizione dal proprio browser (il  browser \u00e8 il programma che si utilizza per navigare i siti web). Da notare che <strong>se si decide di disabilitare tutti i cookie, alcune funzionalit\u00e0 del sito che si sta navigando potrebbero essere compromesse<\/strong>.<\/p>\n\n\n\n<ul class=\"wp-block-list\"><li>\u00c8 <strong>possibile navigare evitando temporaneamente che il browser registri i cookie<\/strong>  generati dai siti abilitando la navigazione in incognito (chiamata  anche &#8220;navigazione privata o &#8220;navigazione anonima&#8221;) disponibile sui moderni browser. In questa modalit\u00e0 il browser, a seconda della versione utilizzata, non registra cookie o registra solo alcuni cookie necessari al funzionamento del sito. I cookie vengono comunque cancellati una volta chiusa la finestra. Inoltre, in questa modalit\u00e0, non vengono  salvati i siti visualizzati nella cronologia e non vengono salvate le informazioni digitate nei moduli (<em>form<\/em>) presenti nelle pagine. Istruzioni sono disponibili sui siti di supporto del browser utilizzato: <ul><li><a href=\"https:\/\/support.google.com\/chrome\/answer\/95464?hl=it\" target=\"_blank\" rel=\"noopener\">Google Chrome, Google Chrome Mobile<\/a>,<\/li><li><a href=\"http:\/\/windows.microsoft.com\/it-it\/windows\/what-is-inprivate-browsing\" target=\"_blank\" rel=\"noopener\">Microsoft Internet Explorer<\/a>,<\/li><li><a href=\"https:\/\/support.mozilla.org\/it\/kb\/Navigazione%20anonima\" target=\"_blank\" rel=\"noopener\">Mozilla Firefox<\/a>,<\/li><li><a href=\"https:\/\/support.apple.com\/kb\/PH19216?viewlocale=it_IT&amp;locale=it_IT\" target=\"_blank\" rel=\"noopener\">Apple Safari<\/a>,<\/li><li><a href=\"https:\/\/support.apple.com\/it-it\/HT6366\" target=\"_blank\" rel=\"noopener\">Apple Safari Mobile<\/a>.<\/li><\/ul><\/li><li>\u00c8 possibile <strong>disabilitare del tutto i cookie<\/strong> ovvero <strong>cancellarli<\/strong> seguendo le seguenti istruzioni:<ul><li><a href=\"https:\/\/support.google.com\/chrome\/answer\/95647?hl=it\" target=\"_blank\" rel=\"noopener\">Google Chrome<\/a>,<\/li><li><a href=\"https:\/\/support.google.com\/chrome\/answer\/2392709?hl=it\" target=\"_blank\" rel=\"noopener\">Google Chrome Mobile<\/a>,<\/li><li><a href=\"http:\/\/windows.microsoft.com\/it-it\/windows-vista\/block-or-allow-cookie\" target=\"_blank\" rel=\"noopener\">Microsoft Internet Explorer<\/a>,<\/li><li><a href=\"https:\/\/support.mozilla.org\/it\/kb\/Eliminare%20i%20cookie\" target=\"_blank\" rel=\"noopener\">Mozilla Firefox<\/a>,<\/li><li><a href=\"https:\/\/support.apple.com\/kb\/PH19214?locale=it_IT&amp;viewlocale=it_IT\" target=\"_blank\" rel=\"noopener\">Apple Safari<\/a>,<\/li><li><a href=\"https:\/\/support.apple.com\/it-it\/HT201265\" target=\"_blank\" rel=\"noopener\">Apple Safari Mobile<\/a>.<\/li><\/ul><\/li><\/ul>\n","protected":false},"excerpt":{"rendered":"<p>Conformemente al provvedimento del Garante per la protezione dei dati personali (di seguito, il &#8220;Garante&#8221;) dell\u20198 maggio 2014, recante &#8220;Individuazione delle modalit\u00e0 semplificate per l\u2019informativa e l\u2019acquisizione del consenso per l\u2019uso dei cookie&#8221; (di seguito: il &#8220;Provvedimento cookie&#8221;), Artesegno S.a.s. (di seguito: &#8220;Artesegno&#8221;), societ\u00e0 con sede legale in Via Gervasutta, 29, 33100 Udine intende informare [&hellip;]<\/p>\n","protected":false},"author":1,"featured_media":0,"parent":0,"menu_order":0,"comment_status":"closed","ping_status":"closed","template":"","meta":{"_et_pb_use_builder":"off","_et_pb_old_content":"","_et_gb_content_width":"","footnotes":""},"class_list":["post-45","page","type-page","status-publish","hentry"],"_links":{"self":[{"href":"https:\/\/artesegno.com\/blog\/wp-json\/wp\/v2\/pages\/45","targetHints":{"allow":["GET"]}}],"collection":[{"href":"https:\/\/artesegno.com\/blog\/wp-json\/wp\/v2\/pages"}],"about":[{"href":"https:\/\/artesegno.com\/blog\/wp-json\/wp\/v2\/types\/page"}],"author":[{"embeddable":true,"href":"https:\/\/artesegno.com\/blog\/wp-json\/wp\/v2\/users\/1"}],"replies":[{"embeddable":true,"href":"https:\/\/artesegno.com\/blog\/wp-json\/wp\/v2\/comments?post=45"}],"version-history":[{"count":0,"href":"https:\/\/artesegno.com\/blog\/wp-json\/wp\/v2\/pages\/45\/revisions"}],"wp:attachment":[{"href":"https:\/\/artesegno.com\/blog\/wp-json\/wp\/v2\/media?parent=45"}],"curies":[{"name":"wp","href":"https:\/\/api.w.org\/{rel}","templated":true}]}}